{"id":9022,"date":"2026-03-03T14:12:24","date_gmt":"2026-03-03T13:12:24","guid":{"rendered":"https:\/\/europahaus-klagenfurt.at\/okoljski-znak\/"},"modified":"2026-03-03T14:12:24","modified_gmt":"2026-03-03T13:12:24","slug":"okoljski-znak","status":"publish","type":"page","link":"https:\/\/europahaus-klagenfurt.at\/sl\/okoljski-znak\/","title":{"rendered":"Okoljski znak"},"content":{"rendered":"\t\t<div data-elementor-type=\"wp-page\" data-elementor-id=\"9022\" class=\"elementor elementor-9022 elementor-8232\">\n\t\t\t\t\t\t<section class=\"elementor-section elementor-top-section elementor-element elementor-element-2567d36 elementor-section-boxed elementor-section-height-default elementor-section-height-default\" data-id=\"2567d36\" data-element_type=\"section\">\n\t\t\t\t\t\t<div class=\"elementor-container elementor-column-gap-default\">\n\t\t\t\t\t<div class=\"elementor-column elementor-col-100 elementor-top-column elementor-element elementor-element-4d3cb65\" data-id=\"4d3cb65\" data-element_type=\"column\">\n\t\t\t<div class=\"elementor-widget-wrap elementor-element-populated\">\n\t\t\t\t\t\t<div class=\"elementor-element elementor-element-e5a681e elementor-widget elementor-widget-spacer\" data-id=\"e5a681e\" data-element_type=\"widget\" data-widget_type=\"spacer.default\">\n\t\t\t\t<div class=\"elementor-widget-container\">\n\t\t\t\t\t\t\t<div class=\"elementor-spacer\">\n\t\t\t<div class=\"elementor-spacer-inner\"><\/div>\n\t\t<\/div>\n\t\t\t\t\t\t<\/div>\n\t\t\t\t<\/div>\n\t\t\t\t\t<\/div>\n\t\t<\/div>\n\t\t\t\t\t<\/div>\n\t\t<\/section>\n\t\t\t\t<section class=\"elementor-section elementor-top-section elementor-element elementor-element-db51aec elementor-section-boxed elementor-section-height-default elementor-section-height-default\" data-id=\"db51aec\" data-element_type=\"section\">\n\t\t\t\t\t\t<div class=\"elementor-container elementor-column-gap-default\">\n\t\t\t\t\t<div class=\"elementor-column elementor-col-100 elementor-top-column elementor-element elementor-element-a9ea912\" data-id=\"a9ea912\" data-element_type=\"column\">\n\t\t\t<div class=\"elementor-widget-wrap elementor-element-populated\">\n\t\t\t\t\t\t<div class=\"elementor-element elementor-element-ab898c7 elementor-widget elementor-widget-heading\" data-id=\"ab898c7\" data-element_type=\"widget\" data-widget_type=\"heading.default\">\n\t\t\t\t<div class=\"elementor-widget-container\">\n\t\t\t\t\t<span class=\"elementor-heading-title elementor-size-default\"><h1 class=\"eutitle blue\" style=\"text-align:left\"><strong class=\"eutitle blue\">Na\u0161a pot do okoljskega znaka<\/strong><\/h1><\/span>\t\t\t\t<\/div>\n\t\t\t\t<\/div>\n\t\t\t\t\t<\/div>\n\t\t<\/div>\n\t\t\t\t\t<\/div>\n\t\t<\/section>\n\t\t\t\t<section class=\"elementor-section elementor-top-section elementor-element elementor-element-b5f6a8e elementor-section-boxed elementor-section-height-default elementor-section-height-default\" data-id=\"b5f6a8e\" data-element_type=\"section\">\n\t\t\t\t\t\t<div class=\"elementor-container elementor-column-gap-default\">\n\t\t\t\t\t<div class=\"elementor-column elementor-col-50 elementor-top-column elementor-element elementor-element-f12e067\" data-id=\"f12e067\" data-element_type=\"column\">\n\t\t\t<div class=\"elementor-widget-wrap elementor-element-populated\">\n\t\t\t\t\t\t<div class=\"elementor-element elementor-element-8817467 elementor-widget elementor-widget-text-editor\" data-id=\"8817467\" data-element_type=\"widget\" data-widget_type=\"text-editor.default\">\n\t\t\t\t<div class=\"elementor-widget-container\">\n\t\t\t\t\t\t\t\t\t<p>< strong>Europahaus Klagenfurt<\/strong> trenutno dela na pridobitvi <strong>avstrijskega okoljskega znaka za izobra\u017eevalne ustanove<\/strong>. S tem korakom \u017eelimo v prihodnje svoje aktivnosti in dogodke organizirati \u0161e bolj okolju prijazno ter trajnost trajno vklju\u010diti kot sestavni del na\u0161ega izobra\u017eevalnega dela.<\/p>\n<p><strong>Postavljamo si vpra\u0161anja, kot so:<\/strong><br \/>Kako lahko v prihodnje dogodke na\u010drtujemo bolj trajnostno? Katere materiale bomo nabavljali? Kako lahko pripravimo pogostitve na na\u010din, ki var\u010duje z viri? In kako lahko na\u0161e goste spodbudimo k okolju prijaznemu prihodu?<\/p>\n<p>Vsa ta razmi\u0161ljanja trenutno vklju\u010dujemo v pripravo na\u0161e prijave. Na\u0161 cilj ni le pridobiti okoljski znak, temve\u010d dolgoro\u010dno uresni\u010devati njegove vrednote v vsakdanjem delovanju Europahausa.<\/p>\n<p>Ve\u010d informacij o okoljskem znaku za izobra\u017eevalne ustanove je na voljo <a href=\"https:\/\/www.umweltzeichen.at\/de\/bildung\/bildungseinrichtungen\" target=\"_blank\" rel=\"noopener\">tukaj<\/a>.<\/p>\n\t\t\t\t\t\t\t\t<\/div>\n\t\t\t\t<\/div>\n\t\t\t\t\t<\/div>\n\t\t<\/div>\n\t\t\t\t<div class=\"elementor-column elementor-col-50 elementor-top-column elementor-element elementor-element-612d88e\" data-id=\"612d88e\" data-element_type=\"column\">\n\t\t\t<div class=\"elementor-widget-wrap elementor-element-populated\">\n\t\t\t\t\t\t<div class=\"elementor-element elementor-element-cd4711b elementor-widget elementor-widget-image\" data-id=\"cd4711b\" data-element_type=\"widget\" data-widget_type=\"image.default\">\n\t\t\t\t<div class=\"elementor-widget-container\">\n\t\t\t\t\t\t\t\t\t\t\t\t\t\t\t<img fetchpriority=\"high\" decoding=\"async\" width=\"1024\" height=\"683\" src=\"https:\/\/europahaus-klagenfurt.at\/wp-content\/uploads\/2025\/10\/EH-Umweltzeichen-1024x683.jpg\" class=\"attachment-large size-large wp-image-8237\" alt=\"\" srcset=\"https:\/\/europahaus-klagenfurt.at\/wp-content\/uploads\/2025\/10\/EH-Umweltzeichen-1024x683.jpg 1024w, https:\/\/europahaus-klagenfurt.at\/wp-content\/uploads\/2025\/10\/EH-Umweltzeichen-300x200.jpg 300w, https:\/\/europahaus-klagenfurt.at\/wp-content\/uploads\/2025\/10\/EH-Umweltzeichen-768x512.jpg 768w, https:\/\/europahaus-klagenfurt.at\/wp-content\/uploads\/2025\/10\/EH-Umweltzeichen-150x100.jpg 150w, https:\/\/europahaus-klagenfurt.at\/wp-content\/uploads\/2025\/10\/EH-Umweltzeichen-120x80.jpg 120w, https:\/\/europahaus-klagenfurt.at\/wp-content\/uploads\/2025\/10\/EH-Umweltzeichen-394x263.jpg 394w, https:\/\/europahaus-klagenfurt.at\/wp-content\/uploads\/2025\/10\/EH-Umweltzeichen-915x610.jpg 915w, https:\/\/europahaus-klagenfurt.at\/wp-content\/uploads\/2025\/10\/EH-Umweltzeichen-1240x827.jpg 1240w, https:\/\/europahaus-klagenfurt.at\/wp-content\/uploads\/2025\/10\/EH-Umweltzeichen.jpg 1500w\" sizes=\"(max-width: 1024px) 100vw, 1024px\" \/>\t\t\t\t\t\t\t\t\t\t\t\t\t\t\t<\/div>\n\t\t\t\t<\/div>\n\t\t\t\t\t<\/div>\n\t\t<\/div>\n\t\t\t\t\t<\/div>\n\t\t<\/section>\n\t\t\t\t<section class=\"elementor-section elementor-top-section elementor-element elementor-element-98e6eb1 elementor-section-boxed elementor-section-height-default elementor-section-height-default\" data-id=\"98e6eb1\" data-element_type=\"section\">\n\t\t\t\t\t\t<div class=\"elementor-container elementor-column-gap-default\">\n\t\t\t\t\t<div class=\"elementor-column elementor-col-100 elementor-top-column elementor-element elementor-element-a98296a\" data-id=\"a98296a\" data-element_type=\"column\">\n\t\t\t<div class=\"elementor-widget-wrap elementor-element-populated\">\n\t\t\t\t\t\t<div class=\"elementor-element elementor-element-b012698 elementor-widget-divider--view-line elementor-widget elementor-widget-divider\" data-id=\"b012698\" data-element_type=\"widget\" data-widget_type=\"divider.default\">\n\t\t\t\t<div class=\"elementor-widget-container\">\n\t\t\t\t\t\t\t<div class=\"elementor-divider\">\n\t\t\t<span class=\"elementor-divider-separator\">\n\t\t\t\t\t\t<\/span>\n\t\t<\/div>\n\t\t\t\t\t\t<\/div>\n\t\t\t\t<\/div>\n\t\t\t\t\t<\/div>\n\t\t<\/div>\n\t\t\t\t\t<\/div>\n\t\t<\/section>\n\t\t\t\t<\/div>\n\t\t","protected":false},"excerpt":{"rendered":"<p>Na\u0161a pot do okoljskega znaka < strong>Europahaus Klagenfurt trenutno dela na pridobitvi avstrijskega okoljskega znaka za izobra\u017eevalne ustanove. S tem korakom \u017eelimo v prihodnje svoje aktivnosti in dogodke organizirati \u0161e bolj okolju prijazno ter trajnost trajno vklju\u010diti kot sestavni del &hellip; <a href=\"https:\/\/europahaus-klagenfurt.at\/sl\/okoljski-znak\/\">ve\u010d<\/a><\/p>\n","protected":false},"author":2,"featured_media":0,"parent":0,"menu_order":0,"comment_status":"closed","ping_status":"closed","template":"","meta":{"ngg_post_thumbnail":0,"footnotes":""},"class_list":["post-9022","page","type-page","status-publish","hentry"],"_links":{"self":[{"href":"https:\/\/europahaus-klagenfurt.at\/sl\/wp-json\/wp\/v2\/pages\/9022","targetHints":{"allow":["GET"]}}],"collection":[{"href":"https:\/\/europahaus-klagenfurt.at\/sl\/wp-json\/wp\/v2\/pages"}],"about":[{"href":"https:\/\/europahaus-klagenfurt.at\/sl\/wp-json\/wp\/v2\/types\/page"}],"author":[{"embeddable":true,"href":"https:\/\/europahaus-klagenfurt.at\/sl\/wp-json\/wp\/v2\/users\/2"}],"replies":[{"embeddable":true,"href":"https:\/\/europahaus-klagenfurt.at\/sl\/wp-json\/wp\/v2\/comments?post=9022"}],"version-history":[{"count":1,"href":"https:\/\/europahaus-klagenfurt.at\/sl\/wp-json\/wp\/v2\/pages\/9022\/revisions"}],"predecessor-version":[{"id":9023,"href":"https:\/\/europahaus-klagenfurt.at\/sl\/wp-json\/wp\/v2\/pages\/9022\/revisions\/9023"}],"wp:attachment":[{"href":"https:\/\/europahaus-klagenfurt.at\/sl\/wp-json\/wp\/v2\/media?parent=9022"}],"curies":[{"name":"wp","href":"https:\/\/api.w.org\/{rel}","templated":true}]}}