{"id":741,"date":"2019-03-14T14:31:26","date_gmt":"2019-03-14T13:31:26","guid":{"rendered":"https:\/\/europahaus-klagenfurt.at\/informacijski-centri-eu-na-koroskem\/"},"modified":"2024-10-20T17:22:31","modified_gmt":"2024-10-20T15:22:31","slug":"informacijski-centri-eu-na-koroskem","status":"publish","type":"page","link":"https:\/\/europahaus-klagenfurt.at\/sl\/informacijski-centri-eu-na-koroskem\/","title":{"rendered":"Informacijski centri EU na Koro\u0161kem"},"content":{"rendered":"\t\t<div data-elementor-type=\"wp-post\" data-elementor-id=\"741\" class=\"elementor elementor-741 elementor-355\">\n\t\t\t\t\t\t<section class=\"elementor-section elementor-top-section elementor-element elementor-element-beabf22 elementor-section-content-middle elementor-section-boxed elementor-section-height-default elementor-section-height-default\" data-id=\"beabf22\" data-element_type=\"section\">\n\t\t\t\t\t\t<div class=\"elementor-container elementor-column-gap-default\">\n\t\t\t\t\t<div class=\"elementor-column elementor-col-100 elementor-top-column elementor-element elementor-element-c2494fb\" data-id=\"c2494fb\" data-element_type=\"column\">\n\t\t\t<div class=\"elementor-widget-wrap elementor-element-populated\">\n\t\t\t\t\t\t<div class=\"elementor-element elementor-element-f33feb4 elementor-position-left elementor-view-default elementor-widget elementor-widget-themo-header\" data-id=\"f33feb4\" data-element_type=\"widget\" data-widget_type=\"themo-header.default\">\n\t\t\t\t<div class=\"elementor-widget-container\">\n\t\t\t\t\t\t\t<div class=\"th-header-wrap\">\n        <div class=\"elementor-icon-box-wrapper \">\n                            <div class=\"elementor-icon-box-content\">\n                    <h1 class=\"elementor-icon-box-title\">\n                                            <\/h1>\n                                        <p class=\"elementor-icon-box-description\"><h1 class=\"eutitle blue\" style=\"text-align:left\"><strong>EU-<\/strong>Informacijski centri <strong>na<\/strong> Koro\u0161kem<\/h1>\r\n<\/p>\n\n                                    <\/div>\n            <\/div>\n\n        <\/div>\n\n\t\t\t\t\t\t<\/div>\n\t\t\t\t<\/div>\n\t\t\t\t\t<\/div>\n\t\t<\/div>\n\t\t\t\t\t<\/div>\n\t\t<\/section>\n\t\t\t\t<section class=\"elementor-section elementor-top-section elementor-element elementor-element-f4942a7 elementor-section-boxed elementor-section-height-default elementor-section-height-default\" data-id=\"f4942a7\" data-element_type=\"section\">\n\t\t\t\t\t\t<div class=\"elementor-container elementor-column-gap-default\">\n\t\t\t\t\t<div class=\"elementor-column elementor-col-100 elementor-top-column elementor-element elementor-element-af44e92\" data-id=\"af44e92\" data-element_type=\"column\">\n\t\t\t<div class=\"elementor-widget-wrap elementor-element-populated\">\n\t\t\t\t\t\t<div class=\"elementor-element elementor-element-12baa3f elementor-widget elementor-widget-themo-expand-list\" data-id=\"12baa3f\" data-element_type=\"widget\" data-widget_type=\"themo-expand-list.default\">\n\t\t\t\t<div class=\"elementor-widget-container\">\n\t\t\t\t\t\t\t<div class=\"th-itinerary th-itin-fw th-itin-center\">\n\t\t\t\t\t\t\t\t\t\t<div class=\"th-itin-single th-itin-active\">\n\t\t\t\t\t<i class=\"th-itin-icon fa fa-circle-o\"><\/i>\n\t\t\t\t\t<div class=\"th-itin-title\">\n\t\t\t\t\t\t<span>Landeshauptmann Dr. Peter KAISER<\/span>\n\t\t\t\t\t<\/div>\n\t\t\t\t\t<div class=\"th-itin-content\">\n\t\t\t\t\t\t<p>Amt der K\u00e4rntner Landesregierung&nbsp;<br \/>\nArnulfplatz 1, A-9020 Klagenfurt am W\u00f6rthersee&nbsp;<br \/>\nTel. +43 (0) 50536 22101&nbsp;<\/p>\n<p>E-Mail: <a href=\"mailto:peter.kaiser@ktn.gv.at?EVOLAC=334734eaa55a6a1d59b7e03803299d72&amp;EVOLAC=af255eb5d98412b07930962aba3eff90&amp;EVOLAC=34ce62b7b991d325b455adf6c11c8179&amp;EVOLAC=1355aa6e90d5b7fc9951989888e20e6e&amp;EVOLAC=f11b8d5c35bdbc73a2d9eac16096ac27&amp;EVOLAC=99500ce17c44ab32df997dcfbe60d6d6&amp;EVOLAC=0f649016b98c71b05b669f08564c263c&amp;EVOLAC=36f6c35da3501296294f40ac0343080c&amp;EVOLAC=36edad3dd8f38a792920205550e95230&amp;EVOLAC=8ec74ab46a91761a95781c6f1ce5e57d&amp;EVOLAC=07ff77e3db79b3321320bef05abf1188&amp;EVOLAC=0c6a804b581d055da936def2e06e6a26&amp;EVOLAC=e3413240d21dcbc3a23213df068e2ad1&amp;EVOLAC=d16a86c5497a92317e1b8e71c7ddf7a8&amp;EVOLAC=eab5f55caaf900f6e3f409754d25c730&amp;EVOLAC=4bfa5c3b17027dbf743dd8de7bd94234&amp;EVOLAC=1e7e99104cd51d5a62e2bd81c610834b&amp;EVOLAC=79e6083c2e8f4dc4e435cd9607407b93&amp;EVOLAC=4bfb9a6dc50fde13732c6c7a0f6a6648&amp;EVOLAC=27f9d2889ac0445a03414e25bdb41bf5&amp;EVOLAC=a7b305e04336540623dc4556d2518095&amp;EVOLAC=381ba4503a0294df742ea64088685b8a&amp;EVOLAC=7127d2e59df467b097d112c2c0693724&amp;EVOLAC=a408aa2f92aac136a2d8bca95f32c181&amp;EVOLAC=cfcac7a85c396fdcacd086f373ad6eee&amp;EVOLAC=39fe84303e9c598be78d381351f6e590&amp;EVOLAC=5e7f6d043d6a7e8c3faddff7f3207c43&amp;EVOLAC=3dd313fb0c01692d213aa829b669d2d9&amp;EVOLAC=dc9e87463a97863d846dc45dab81b703&amp;EVOLAC=0ba0118e1f7f5563bb84274b1581e4ea&amp;EVOLAC=ef84a775d652455ae63746a61917353f&amp;EVOLAC=7f70121f92fd5dd4ed06d989a5cac61c&amp;EVOLAC=993e6a2252ccaeff7d51d7eb2239ec3e&amp;EVOLAC=4f55fbc6f29a516144484e9824c4fb62&amp;EVOLAC=b14b98fbaadc03b9bb5360cfef7dc168&amp;EVOLAC=38e24ae01cb55b8f97b73a7dd4e91734\">peter.kaiser@ktn.gv.at<\/a>&nbsp;<\/p>\n\t\t\t\t\t<\/div>\n\t\t\t\t<\/div>\n\t\t\t\t\t\t\t<div class=\"th-itin-single th-itin-inactive\">\n\t\t\t\t\t<i class=\"th-itin-icon fa fa-circle-o\"><\/i>\n\t\t\t\t\t<div class=\"th-itin-title\">\n\t\t\t\t\t\t<span>EUROPE DIRECT-Zentrum K\u00e4rnten<\/span>\n\t\t\t\t\t<\/div>\n\t\t\t\t\t<div class=\"th-itin-content\">\n\t\t\t\t\t\t<p>Marc GERMESHAUSEN, MSc BA KHS, EUROPE DIRECT Manager\u00a0<br \/>Reitschulgasse 4<br \/>A-9020 Klagenfurt am W\u00f6rthersee<br \/>Tel. +43 (0) 463 51 17 41<\/p><p>E-Mail: <a href=\"mailto:europedirect@europahaus-klagenfurt.at\">europedirect@europahaus-klagenfurt.at<\/a><\/p>\t\t\t\t\t<\/div>\n\t\t\t\t<\/div>\n\t\t\t\t\t\t\t<div class=\"th-itin-single th-itin-inactive\">\n\t\t\t\t\t<i class=\"th-itin-icon fa fa-circle-o\"><\/i>\n\t\t\t\t\t<div class=\"th-itin-title\">\n\t\t\t\t\t\t<span>Europahaus Klagenfurt<\/span>\n\t\t\t\t\t<\/div>\n\t\t\t\t\t<div class=\"th-itin-content\">\n\t\t\t\t\t\t<p>Marc GERMESHAUSEN, MSc BA KHS, Direktor<br \/>Reitschulgasse 4\u00a0<br \/>A-9020 Klagenfurt am W\u00f6rthersee\u00a0<br \/>Tel.\/Fax +43 (0) 463 511741\u00a0<\/p><p>E-Mail: <a href=\"mailto:info@europahaus-klagenfurt.at?EVOLAC=ae208879dc4ac3074a4b1afcde143485&amp;EVOLAC=ceeee8a606b624b5aa8f2531f41ad2d0&amp;EVOLAC=81bd56448a3492fe755bbd8d9dfd7067&amp;EVOLAC=845f28d0963c569dd93f5d3726b0f3e0&amp;EVOLAC=b2bf3ede114f31a52d46c33636a96c1d&amp;EVOLAC=ef23d6158f32d8fd0e82ae74a3772002&amp;EVOLAC=7c1ec72f1f7b8015a896b01fdbc8e46c&amp;EVOLAC=45a27414062503facd14f4ba8bca2560&amp;EVOLAC=632608640924ddf4db8fa842d5a68c9e&amp;EVOLAC=918cfd12f4cae9c11b57686367d34755&amp;EVOLAC=502d1c6f106c09ddbd7b29cfb29c765d&amp;EVOLAC=35a1459cc39a4a94a4fc31d1146166e2&amp;EVOLAC=789c0ed74506a1171ef5fee9b95273a2&amp;EVOLAC=c8127d1589c8c61abfadaa9a70a969f3&amp;EVOLAC=aed53443cf91e6c2945529cdc1826770&amp;EVOLAC=c1fb4b6e54e552ec801808c063ab8e9b&amp;EVOLAC=917229a54cd037cb9f7dfed828e36785\">info@europahaus-klagenfurt.at<\/a><\/p>\t\t\t\t\t<\/div>\n\t\t\t\t<\/div>\n\t\t\t\t\t\t\t<div class=\"th-itin-single th-itin-inactive\">\n\t\t\t\t\t<i class=\"th-itin-icon fa fa-circle-o\"><\/i>\n\t\t\t\t\t<div class=\"th-itin-title\">\n\t\t\t\t\t\t<span>EU-Verbindungsb\u00fcro des Landes K\u00e4rnten in Br\u00fcssel<\/span>\n\t\t\t\t\t<\/div>\n\t\t\t\t\t<div class=\"th-itin-content\">\n\t\t\t\t\t\t<p>Mag.<sup>a<\/sup> Martina RATTINGER<br \/>\nRue du Commerce 49, 1000 Br\u00fcssel, Belgien<br \/>\nTel.: +32.2.282.49.10<\/p>\n<p>E-Mail: <a href=\"mailto:martina.rattinger@ktn.gv.at\">martina.rattinger@ktn.gv.at<\/a><\/p>\n\t\t\t\t\t<\/div>\n\t\t\t\t<\/div>\n\t\t\t\t\t\t\t<div class=\"th-itin-single th-itin-inactive\">\n\t\t\t\t\t<i class=\"th-itin-icon fa fa-circle-o\"><\/i>\n\t\t\t\t\t<div class=\"th-itin-title\">\n\t\t\t\t\t\t<span>Amt der K\u00e4rntner Landesregierung<\/span>\n\t\t\t\t\t<\/div>\n\t\t\t\t\t<div class=\"th-itin-content\">\n\t\t\t\t\t\t<p>Abteilung\u00a01 \u2013 Landesamtsdirektion<br \/>UAbt. Europ\u00e4ische und internationale Angelegenheiten<br \/>Mie\u00dftaler Stra\u00dfe 1<br \/>A-9020 Klagenfurt am W\u00f6rthersee<br \/>Tel. +43 (0) 50536 DW. 10136 od. 10139<br \/>E-Mail: <a href=\"mailto:abt1.eu-post@ktn.gv.at\">abt1.eu-post@ktn.gv.at<\/a><\/p>\t\t\t\t\t<\/div>\n\t\t\t\t<\/div>\n\t\t\t\t\t\t\t<div class=\"th-itin-single th-itin-inactive\">\n\t\t\t\t\t<i class=\"th-itin-icon fa fa-circle-o\"><\/i>\n\t\t\t\t\t<div class=\"th-itin-title\">\n\t\t\t\t\t\t<span>Wirtschaftskammer K\u00e4rnten<\/span>\n\t\t\t\t\t<\/div>\n\t\t\t\t\t<div class=\"th-itin-content\">\n\t\t\t\t\t\t<p>MMag. Hemma Kircher-Schneider<br \/>Abteilungsleiterin, Wirtschaftskammer K\u00e4rnten,\u00a0Au\u00dfenwirtschaft und EU<br \/>Europaplatz 1, A-9020 Klagenfurt am W\u00f6rthersee<br \/>Telefon +43 5 90 904 750<\/p><p>E-Mail: <a href=\"mailto:hemma.kircher-schneider@wkk.or.at\">hemma.kircher-schneider@wkk.or.at\u00a0<\/a><\/p>\t\t\t\t\t<\/div>\n\t\t\t\t<\/div>\n\t\t\t\t\t\t\t<div class=\"th-itin-single th-itin-inactive\">\n\t\t\t\t\t<i class=\"th-itin-icon fa fa-circle-o\"><\/i>\n\t\t\t\t\t<div class=\"th-itin-title\">\n\t\t\t\t\t\t<span>Industriellenvereinigung <\/span>\n\t\t\t\t\t<\/div>\n\t\t\t\t\t<div class=\"th-itin-content\">\n\t\t\t\t\t\t<p>Dr.-Franz-Palla-Gasse 21<br \/>\n9020 Klagenfurt am W\u00f6rthersee<br \/>\nTelefon: +43 463 56 615-0<\/p>\n<p>E-Mail: <a href=\"mailto:kaernten@iv.at\">kaernten@iv.at<\/a><\/p>\n\t\t\t\t\t<\/div>\n\t\t\t\t<\/div>\n\t\t\t\t\t\t\t<div class=\"th-itin-single th-itin-inactive\">\n\t\t\t\t\t<i class=\"th-itin-icon fa fa-circle-o\"><\/i>\n\t\t\t\t\t<div class=\"th-itin-title\">\n\t\t\t\t\t\t<span>Euregio Senza Confini<\/span>\n\t\t\t\t\t<\/div>\n\t\t\t\t\t<div class=\"th-itin-content\">\n\t\t\t\t\t\t<p>Amt der K\u00e4rntner Landesregierung<br \/>\nAbteilung 1 &#8211; Landesamtsdirektion<br \/>\nEurop\u00e4ische und internationale Angelegenheiten<br \/>\nMag. Esther HORNER<br \/>\nMie\u00dftaler Stra\u00dfe 1, A-9020 Klagenfurt am W\u00f6rthersee<br \/>\nTel.: +43 (0) 50536 10144<\/p>\n<p>E-Mail: <a href=\"mailto:esther.horner@ktn.gv.at\">esther.horner@ktn.gv.at<\/a><\/p>\n\t\t\t\t\t<\/div>\n\t\t\t\t<\/div>\n\t\t\t\t\t\t\t<div class=\"th-itin-single th-itin-inactive\">\n\t\t\t\t\t<i class=\"th-itin-icon fa fa-circle-o\"><\/i>\n\t\t\t\t\t<div class=\"th-itin-title\">\n\t\t\t\t\t\t<span>Generalsekretariat der Alpen-Adria Allianz<\/span>\n\t\t\t\t\t<\/div>\n\t\t\t\t\t<div class=\"th-itin-content\">\n\t\t\t\t\t\t<p>Alpen-Adria-Contact Point K\u00e4rnten<br \/>\nMag. Thomas PSEINER<br \/>\nAmt der K\u00e4rntner Landesregierung<br \/>\nMie\u00dftaler Stra\u00dfe 1, A-9020 Klagenfurt am W\u00f6rthersee<br \/>\nTel.: +43(0) 50536-10134 Fax: +43(0) 50536-10140<\/p>\n<p>E-Mail: <a href=\"mailto:thomas.pseiner@ktn.gv.at\">thomas.pseiner@ktn.gv.at<\/a> bzw. <a href=\"mailto:abt1.alpeadria@ktn.gv.at\">abt1.alpeadria@ktn.gv.at<\/a><\/p>\n\t\t\t\t\t<\/div>\n\t\t\t\t<\/div>\n\t\t\t\t\t<\/div>\n\t\t\t\t\t\t<\/div>\n\t\t\t\t<\/div>\n\t\t\t\t\t<\/div>\n\t\t<\/div>\n\t\t\t\t\t<\/div>\n\t\t<\/section>\n\t\t\t\t<section class=\"elementor-section elementor-top-section elementor-element elementor-element-a4242df elementor-section-boxed elementor-section-height-default elementor-section-height-default\" data-id=\"a4242df\" data-element_type=\"section\">\n\t\t\t\t\t\t<div class=\"elementor-container elementor-column-gap-default\">\n\t\t\t\t\t<div class=\"elementor-column elementor-col-100 elementor-top-column elementor-element elementor-element-5da3704\" data-id=\"5da3704\" data-element_type=\"column\">\n\t\t\t<div class=\"elementor-widget-wrap elementor-element-populated\">\n\t\t\t\t\t\t<div class=\"elementor-element elementor-element-cef9ab4 elementor-widget elementor-widget-heading\" data-id=\"cef9ab4\" data-element_type=\"widget\" data-widget_type=\"heading.default\">\n\t\t\t\t<div class=\"elementor-widget-container\">\n\t\t\t\t\t<h2 class=\"elementor-heading-title elementor-size-default\">Agencije EU za financiranje na Koro\u0161kem<\/h2>\t\t\t\t<\/div>\n\t\t\t\t<\/div>\n\t\t\t\t<div class=\"elementor-element elementor-element-d618686 elementor-widget elementor-widget-text-editor\" data-id=\"d618686\" data-element_type=\"widget\" data-widget_type=\"text-editor.default\">\n\t\t\t\t<div class=\"elementor-widget-container\">\n\t\t\t\t\t\t\t\t\t<p>Spodaj najdete zbirko najpomembnej\u0161ih programov in mo\u017enosti financiranja Evropske unije za potencialne prijavitelje na Koro\u0161kem:<\/p>\t\t\t\t\t\t\t\t<\/div>\n\t\t\t\t<\/div>\n\t\t\t\t<div class=\"elementor-element elementor-element-1b69343 elementor-align-left elementor-widget elementor-widget-button\" data-id=\"1b69343\" data-element_type=\"widget\" data-widget_type=\"button.default\">\n\t\t\t\t<div class=\"elementor-widget-container\">\n\t\t\t\t\t\t\t\t\t<div class=\"elementor-button-wrapper\">\n\t\t\t\t\t<a class=\"elementor-button elementor-button-link elementor-size-sm\" href=\"https:\/\/europa.ktn.gv.at\/eu_foerderungen\" target=\"_blank\">\n\t\t\t\t\t\t<span class=\"elementor-button-content-wrapper\">\n\t\t\t\t\t\t<span class=\"elementor-button-icon\">\n\t\t\t\t<i aria-hidden=\"true\" class=\"fas fa-download\"><\/i>\t\t\t<\/span>\n\t\t\t\t\t\t\t\t\t<span class=\"elementor-button-text\">Povezava z agencijami za financiranje EU na Koro\u0161kem<\/span>\n\t\t\t\t\t<\/span>\n\t\t\t\t\t<\/a>\n\t\t\t\t<\/div>\n\t\t\t\t\t\t\t\t<\/div>\n\t\t\t\t<\/div>\n\t\t\t\t\t<\/div>\n\t\t<\/div>\n\t\t\t\t\t<\/div>\n\t\t<\/section>\n\t\t\t\t<\/div>\n\t\t","protected":false},"excerpt":{"rendered":"<p>EU-Informacijski centri na Koro\u0161kem Landeshauptmann Dr. Peter KAISER Amt der K\u00e4rntner Landesregierung&nbsp; Arnulfplatz 1, A-9020 Klagenfurt am W\u00f6rthersee&nbsp; Tel. +43 (0) 50536 22101&nbsp; E-Mail: peter.kaiser@ktn.gv.at&nbsp; EUROPE DIRECT-Zentrum K\u00e4rnten Marc GERMESHAUSEN, MSc BA KHS, EUROPE DIRECT Manager\u00a0Reitschulgasse 4A-9020 Klagenfurt am W\u00f6rtherseeTel. &hellip; <a href=\"https:\/\/europahaus-klagenfurt.at\/sl\/informacijski-centri-eu-na-koroskem\/\">ve\u010d<\/a><\/p>\n","protected":false},"author":1,"featured_media":0,"parent":0,"menu_order":26,"comment_status":"closed","ping_status":"closed","template":"","meta":{"ngg_post_thumbnail":0,"footnotes":""},"class_list":["post-741","page","type-page","status-publish","hentry"],"_links":{"self":[{"href":"https:\/\/europahaus-klagenfurt.at\/sl\/wp-json\/wp\/v2\/pages\/741","targetHints":{"allow":["GET"]}}],"collection":[{"href":"https:\/\/europahaus-klagenfurt.at\/sl\/wp-json\/wp\/v2\/pages"}],"about":[{"href":"https:\/\/europahaus-klagenfurt.at\/sl\/wp-json\/wp\/v2\/types\/page"}],"author":[{"embeddable":true,"href":"https:\/\/europahaus-klagenfurt.at\/sl\/wp-json\/wp\/v2\/users\/1"}],"replies":[{"embeddable":true,"href":"https:\/\/europahaus-klagenfurt.at\/sl\/wp-json\/wp\/v2\/comments?post=741"}],"version-history":[{"count":0,"href":"https:\/\/europahaus-klagenfurt.at\/sl\/wp-json\/wp\/v2\/pages\/741\/revisions"}],"wp:attachment":[{"href":"https:\/\/europahaus-klagenfurt.at\/sl\/wp-json\/wp\/v2\/media?parent=741"}],"curies":[{"name":"wp","href":"https:\/\/api.w.org\/{rel}","templated":true}]}}