{"id":739,"date":"2019-03-14T14:30:07","date_gmt":"2019-03-14T13:30:07","guid":{"rendered":"https:\/\/europahaus-klagenfurt.at\/europedirect-koroska\/"},"modified":"2025-05-27T16:12:30","modified_gmt":"2025-05-27T14:12:30","slug":"europedirect-koroska","status":"publish","type":"page","link":"https:\/\/europahaus-klagenfurt.at\/sl\/europedirect-koroska\/","title":{"rendered":"EuropeDirect Koro\u0161ka"},"content":{"rendered":"\t\t<div data-elementor-type=\"wp-post\" data-elementor-id=\"739\" class=\"elementor elementor-739 elementor-370\">\n\t\t\t\t\t\t<section class=\"elementor-section elementor-top-section elementor-element elementor-element-beabf22 elementor-section-content-middle elementor-section-boxed elementor-section-height-default elementor-section-height-default\" data-id=\"beabf22\" data-element_type=\"section\">\n\t\t\t\t\t\t<div class=\"elementor-container elementor-column-gap-default\">\n\t\t\t\t\t<div class=\"elementor-column elementor-col-100 elementor-top-column elementor-element elementor-element-c2494fb\" data-id=\"c2494fb\" data-element_type=\"column\">\n\t\t\t<div class=\"elementor-widget-wrap elementor-element-populated\">\n\t\t\t\t\t\t<div class=\"elementor-element elementor-element-f33feb4 elementor-position-left elementor-view-default elementor-widget elementor-widget-themo-header\" data-id=\"f33feb4\" data-element_type=\"widget\" data-widget_type=\"themo-header.default\">\n\t\t\t\t<div class=\"elementor-widget-container\">\n\t\t\t\t\t\t\t<div class=\"th-header-wrap\">\n        <div class=\"elementor-icon-box-wrapper \">\n                            <div class=\"elementor-icon-box-content\">\n                    <h1 class=\"elementor-icon-box-title\">\n                                            <\/h1>\n                                        <p class=\"elementor-icon-box-description\"><h1 class=\"eutitle blue\" style=\"text-align:left\"><strong>EUROPE<\/strong>Direct <strong>Koro\u0161ka<\/h1>\n<\/p>\n\n                                    <\/div>\n            <\/div>\n\n        <\/div>\n\n\t\t\t\t\t\t<\/div>\n\t\t\t\t<\/div>\n\t\t\t\t\t<\/div>\n\t\t<\/div>\n\t\t\t\t\t<\/div>\n\t\t<\/section>\n\t\t\t\t<section class=\"elementor-section elementor-top-section elementor-element elementor-element-f4942a7 elementor-section-boxed elementor-section-height-default elementor-section-height-default\" data-id=\"f4942a7\" data-element_type=\"section\">\n\t\t\t\t\t\t<div class=\"elementor-container elementor-column-gap-default\">\n\t\t\t\t\t<div class=\"elementor-column elementor-col-33 elementor-top-column elementor-element elementor-element-af44e92\" data-id=\"af44e92\" data-element_type=\"column\">\n\t\t\t<div class=\"elementor-widget-wrap elementor-element-populated\">\n\t\t\t\t\t\t<div class=\"elementor-element elementor-element-5bd3acb elementor-widget elementor-widget-text-editor\" data-id=\"5bd3acb\" data-element_type=\"widget\" data-widget_type=\"text-editor.default\">\n\t\t\t\t<div class=\"elementor-widget-container\">\n\t\t\t\t\t\t\t\t\t<p>EUROPE DIRECT K\u00e4rnten, getragen vom Land K\u00e4rnten mit dem Europahaus Klagenfurt, geh\u00f6rt dem europaweiten Netzwerk EUROPE DIRECT der <strong>Europ\u00e4ischen Kommission<\/strong> an. Fast 500 dieser Informationsstellen gibt es in der Europ\u00e4ischen Union, davon zehn in \u00d6sterreich, eine in K\u00e4rnten.<\/p>\t\t\t\t\t\t\t\t<\/div>\n\t\t\t\t<\/div>\n\t\t\t\t\t<\/div>\n\t\t<\/div>\n\t\t\t\t<div class=\"elementor-column elementor-col-33 elementor-top-column elementor-element elementor-element-9e5b3e2\" data-id=\"9e5b3e2\" data-element_type=\"column\">\n\t\t\t<div class=\"elementor-widget-wrap elementor-element-populated\">\n\t\t\t\t\t\t<div class=\"elementor-element elementor-element-b808040 elementor-widget elementor-widget-text-editor\" data-id=\"b808040\" data-element_type=\"widget\" data-widget_type=\"text-editor.default\">\n\t\t\t\t<div class=\"elementor-widget-container\">\n\t\t\t\t\t\t\t\t\t<p>Wenn Sie <strong>Fragen zur Europ\u00e4ischen Union<\/strong> haben oder Informationen zu verschiedensten Themen der Europ\u00e4ischen Union ben\u00f6tigen, dann sind Sie bei uns richtig!<\/p>\n\t\t\t\t\t\t\t\t<\/div>\n\t\t\t\t<\/div>\n\t\t\t\t\t<\/div>\n\t\t<\/div>\n\t\t\t\t<div class=\"elementor-column elementor-col-33 elementor-top-column elementor-element elementor-element-6545572\" data-id=\"6545572\" data-element_type=\"column\">\n\t\t\t<div class=\"elementor-widget-wrap elementor-element-populated\">\n\t\t\t\t\t\t<div class=\"elementor-element elementor-element-e22fa5e elementor-widget elementor-widget-image\" data-id=\"e22fa5e\" data-element_type=\"widget\" data-widget_type=\"image.default\">\n\t\t\t\t<div class=\"elementor-widget-container\">\n\t\t\t\t\t\t\t\t\t\t\t\t\t\t\t\t<a href=\"https:\/\/www.europainfo.at\" target=\"_blank\">\n\t\t\t\t\t\t\t<img decoding=\"async\" src=\"https:\/\/europahaus-klagenfurt.at\/wp-content\/uploads\/elementor\/thumbs\/POSITIVE-p7e69tliescf27q8ryoxwyyahcf5kwmm5lhco7z4r4-q5g9c90mb0cqc58ga8fw08eq43zpk903x75z5iaztc.png\" title=\"POSITIVE-p7e69tliescf27q8ryoxwyyahcf5kwmm5lhco7z4r4\" alt=\"POSITIVE-p7e69tliescf27q8ryoxwyyahcf5kwmm5lhco7z4r4\" loading=\"lazy\" \/>\t\t\t\t\t\t\t\t<\/a>\n\t\t\t\t\t\t\t\t\t\t\t\t\t\t\t<\/div>\n\t\t\t\t<\/div>\n\t\t\t\t\t<\/div>\n\t\t<\/div>\n\t\t\t\t\t<\/div>\n\t\t<\/section>\n\t\t\t\t<section class=\"elementor-section elementor-top-section elementor-element elementor-element-e68793b elementor-section-boxed elementor-section-height-default elementor-section-height-default\" data-id=\"e68793b\" data-element_type=\"section\">\n\t\t\t\t\t\t<div class=\"elementor-container elementor-column-gap-default\">\n\t\t\t\t\t<div class=\"elementor-column elementor-col-50 elementor-top-column elementor-element elementor-element-816bda8\" data-id=\"816bda8\" data-element_type=\"column\">\n\t\t\t<div class=\"elementor-widget-wrap elementor-element-populated\">\n\t\t\t\t\t\t<div class=\"elementor-element elementor-element-c888856 elementor-widget elementor-widget-image\" data-id=\"c888856\" data-element_type=\"widget\" data-widget_type=\"image.default\">\n\t\t\t\t<div class=\"elementor-widget-container\">\n\t\t\t\t\t\t\t\t\t\t\t\t\t\t\t\t<a href=\"https:\/\/europahaus-klagenfurt.at\/wp-content\/uploads\/2025\/05\/Team-Europahaus-Klagenfurt-2025.jpg\" data-elementor-open-lightbox=\"yes\" data-elementor-lightbox-title=\"Team Europahaus Klagenfurt 2025\" data-e-action-hash=\"#elementor-action%3Aaction%3Dlightbox%26settings%3DeyJpZCI6NzU1OSwidXJsIjoiaHR0cHM6XC9cL2V1cm9wYWhhdXMta2xhZ2VuZnVydC5hdFwvd3AtY29udGVudFwvdXBsb2Fkc1wvMjAyNVwvMDVcL1RlYW0tRXVyb3BhaGF1cy1LbGFnZW5mdXJ0LTIwMjUuanBnIn0%3D\">\n\t\t\t\t\t\t\t<img fetchpriority=\"high\" decoding=\"async\" width=\"1024\" height=\"682\" src=\"https:\/\/europahaus-klagenfurt.at\/wp-content\/uploads\/2025\/05\/Team-Europahaus-Klagenfurt-2025-1024x682.jpg\" class=\"elementor-animation-grow attachment-large size-large wp-image-7559\" alt=\"\" srcset=\"https:\/\/europahaus-klagenfurt.at\/wp-content\/uploads\/2025\/05\/Team-Europahaus-Klagenfurt-2025-1024x682.jpg 1024w, https:\/\/europahaus-klagenfurt.at\/wp-content\/uploads\/2025\/05\/Team-Europahaus-Klagenfurt-2025-300x200.jpg 300w, https:\/\/europahaus-klagenfurt.at\/wp-content\/uploads\/2025\/05\/Team-Europahaus-Klagenfurt-2025-768x512.jpg 768w, https:\/\/europahaus-klagenfurt.at\/wp-content\/uploads\/2025\/05\/Team-Europahaus-Klagenfurt-2025-1536x1023.jpg 1536w, https:\/\/europahaus-klagenfurt.at\/wp-content\/uploads\/2025\/05\/Team-Europahaus-Klagenfurt-2025-150x100.jpg 150w, https:\/\/europahaus-klagenfurt.at\/wp-content\/uploads\/2025\/05\/Team-Europahaus-Klagenfurt-2025-120x80.jpg 120w, https:\/\/europahaus-klagenfurt.at\/wp-content\/uploads\/2025\/05\/Team-Europahaus-Klagenfurt-2025-394x263.jpg 394w, https:\/\/europahaus-klagenfurt.at\/wp-content\/uploads\/2025\/05\/Team-Europahaus-Klagenfurt-2025-915x610.jpg 915w, https:\/\/europahaus-klagenfurt.at\/wp-content\/uploads\/2025\/05\/Team-Europahaus-Klagenfurt-2025-1240x826.jpg 1240w, https:\/\/europahaus-klagenfurt.at\/wp-content\/uploads\/2025\/05\/Team-Europahaus-Klagenfurt-2025.jpg 1600w\" sizes=\"(max-width: 1024px) 100vw, 1024px\" \/>\t\t\t\t\t\t\t\t<\/a>\n\t\t\t\t\t\t\t\t\t\t\t\t\t\t\t<\/div>\n\t\t\t\t<\/div>\n\t\t\t\t\t<\/div>\n\t\t<\/div>\n\t\t\t\t<div class=\"elementor-column elementor-col-50 elementor-top-column elementor-element elementor-element-8e6c0b3\" data-id=\"8e6c0b3\" data-element_type=\"column\">\n\t\t\t<div class=\"elementor-widget-wrap elementor-element-populated\">\n\t\t\t\t\t\t<div class=\"elementor-element elementor-element-9371f30 elementor-align-left elementor-icon-list--layout-traditional elementor-list-item-link-full_width elementor-widget elementor-widget-icon-list\" data-id=\"9371f30\" data-element_type=\"widget\" data-widget_type=\"icon-list.default\">\n\t\t\t\t<div class=\"elementor-widget-container\">\n\t\t\t\t\t\t\t<ul class=\"elementor-icon-list-items\">\n\t\t\t\t\t\t\t<li class=\"elementor-icon-list-item\">\n\t\t\t\t\t\t\t\t\t\t\t<span class=\"elementor-icon-list-icon\">\n\t\t\t\t\t\t\t<i aria-hidden=\"true\" class=\"fas fa-check\"><\/i>\t\t\t\t\t\t<\/span>\n\t\t\t\t\t\t\t\t\t\t<span class=\"elementor-icon-list-text\">Ausk\u00fcnfte und Informationen zu Europafrage<\/span>\n\t\t\t\t\t\t\t\t\t<\/li>\n\t\t\t\t\t\t\t\t<li class=\"elementor-icon-list-item\">\n\t\t\t\t\t\t\t\t\t\t\t<span class=\"elementor-icon-list-icon\">\n\t\t\t\t\t\t\t<i aria-hidden=\"true\" class=\"fas fa-check\"><\/i>\t\t\t\t\t\t<\/span>\n\t\t\t\t\t\t\t\t\t\t<span class=\"elementor-icon-list-text\">Fachexpertise f\u00fcr EU-F\u00f6rderungen<\/span>\n\t\t\t\t\t\t\t\t\t<\/li>\n\t\t\t\t\t\t\t\t<li class=\"elementor-icon-list-item\">\n\t\t\t\t\t\t\t\t\t\t\t<span class=\"elementor-icon-list-icon\">\n\t\t\t\t\t\t\t<i aria-hidden=\"true\" class=\"fas fa-check\"><\/i>\t\t\t\t\t\t<\/span>\n\t\t\t\t\t\t\t\t\t\t<span class=\"elementor-icon-list-text\">Kostenlose Informationsbrosch\u00fcren und andere EU-relevante Druckwerke<\/span>\n\t\t\t\t\t\t\t\t\t<\/li>\n\t\t\t\t\t\t\t\t<li class=\"elementor-icon-list-item\">\n\t\t\t\t\t\t\t\t\t\t\t<span class=\"elementor-icon-list-icon\">\n\t\t\t\t\t\t\t<i aria-hidden=\"true\" class=\"fas fa-check\"><\/i>\t\t\t\t\t\t<\/span>\n\t\t\t\t\t\t\t\t\t\t<span class=\"elementor-icon-list-text\">Vermittlung von Ansprechpartnern und Fachreferenten<\/span>\n\t\t\t\t\t\t\t\t\t<\/li>\n\t\t\t\t\t\t\t\t<li class=\"elementor-icon-list-item\">\n\t\t\t\t\t\t\t\t\t\t\t<span class=\"elementor-icon-list-icon\">\n\t\t\t\t\t\t\t<i aria-hidden=\"true\" class=\"fas fa-check\"><\/i>\t\t\t\t\t\t<\/span>\n\t\t\t\t\t\t\t\t\t\t<span class=\"elementor-icon-list-text\">Organisation von Veranstaltungen, Seminaren, Vortr\u00e4ge, Schulungen<\/span>\n\t\t\t\t\t\t\t\t\t<\/li>\n\t\t\t\t\t\t\t\t<li class=\"elementor-icon-list-item\">\n\t\t\t\t\t\t\t\t\t\t\t<span class=\"elementor-icon-list-icon\">\n\t\t\t\t\t\t\t<i aria-hidden=\"true\" class=\"fas fa-check\"><\/i>\t\t\t\t\t\t<\/span>\n\t\t\t\t\t\t\t\t\t\t<span class=\"elementor-icon-list-text\">Erasmus+ Pr\u00e4sentation \u201eEU-Fr\u00fchst\u00fccke\u201c in Schulen<\/span>\n\t\t\t\t\t\t\t\t\t<\/li>\n\t\t\t\t\t\t\t\t<li class=\"elementor-icon-list-item\">\n\t\t\t\t\t\t\t\t\t\t\t<span class=\"elementor-icon-list-icon\">\n\t\t\t\t\t\t\t<i aria-hidden=\"true\" class=\"fas fa-check\"><\/i>\t\t\t\t\t\t<\/span>\n\t\t\t\t\t\t\t\t\t\t<span class=\"elementor-icon-list-text\">EU-Wanderausstellungen<\/span>\n\t\t\t\t\t\t\t\t\t<\/li>\n\t\t\t\t\t\t\t\t<li class=\"elementor-icon-list-item\">\n\t\t\t\t\t\t\t\t\t\t\t<span class=\"elementor-icon-list-icon\">\n\t\t\t\t\t\t\t<i aria-hidden=\"true\" class=\"fas fa-check\"><\/i>\t\t\t\t\t\t<\/span>\n\t\t\t\t\t\t\t\t\t\t<span class=\"elementor-icon-list-text\">Erstellung von Brosch\u00fcren<\/span>\n\t\t\t\t\t\t\t\t\t<\/li>\n\t\t\t\t\t\t\t\t<li class=\"elementor-icon-list-item\">\n\t\t\t\t\t\t\t\t\t\t\t<span class=\"elementor-icon-list-icon\">\n\t\t\t\t\t\t\t<i aria-hidden=\"true\" class=\"fas fa-check\"><\/i>\t\t\t\t\t\t<\/span>\n\t\t\t\t\t\t\t\t\t\t<span class=\"elementor-icon-list-text\">Organisation und Teilnahme von Veranstaltungen wie Messeauftritte u.v.m.<\/span>\n\t\t\t\t\t\t\t\t\t<\/li>\n\t\t\t\t\t\t<\/ul>\n\t\t\t\t\t\t<\/div>\n\t\t\t\t<\/div>\n\t\t\t\t<div class=\"elementor-element elementor-element-49a6f27 elementor-widget elementor-widget-text-editor\" data-id=\"49a6f27\" data-element_type=\"widget\" data-widget_type=\"text-editor.default\">\n\t\t\t\t<div class=\"elementor-widget-container\">\n\t\t\t\t\t\t\t\t\t<p>Die neuesten EU-Informationen gibt es auch im Internet auf unserer gemeinsamen Homepage des \u00f6sterreichischen EUROPE DIRECT Netzwerks: <a href=\"https:\/\/www.europainfo.at\" target=\"_blank\" rel=\"noopener\">www.europainfo.at<\/a><\/p>\t\t\t\t\t\t\t\t<\/div>\n\t\t\t\t<\/div>\n\t\t\t\t\t<\/div>\n\t\t<\/div>\n\t\t\t\t\t<\/div>\n\t\t<\/section>\n\t\t\t\t<\/div>\n\t\t","protected":false},"excerpt":{"rendered":"<p>EUROPEDirect Koro\u0161ka EUROPE DIRECT K\u00e4rnten, getragen vom Land K\u00e4rnten mit dem Europahaus Klagenfurt, geh\u00f6rt dem europaweiten Netzwerk EUROPE DIRECT der Europ\u00e4ischen Kommission an. Fast 500 dieser Informationsstellen gibt es in der Europ\u00e4ischen Union, davon zehn in \u00d6sterreich, eine in K\u00e4rnten. &hellip; <a href=\"https:\/\/europahaus-klagenfurt.at\/sl\/europedirect-koroska\/\">ve\u010d<\/a><\/p>\n","protected":false},"author":1,"featured_media":0,"parent":0,"menu_order":26,"comment_status":"closed","ping_status":"closed","template":"","meta":{"ngg_post_thumbnail":0,"footnotes":""},"class_list":["post-739","page","type-page","status-publish","hentry"],"_links":{"self":[{"href":"https:\/\/europahaus-klagenfurt.at\/sl\/wp-json\/wp\/v2\/pages\/739","targetHints":{"allow":["GET"]}}],"collection":[{"href":"https:\/\/europahaus-klagenfurt.at\/sl\/wp-json\/wp\/v2\/pages"}],"about":[{"href":"https:\/\/europahaus-klagenfurt.at\/sl\/wp-json\/wp\/v2\/types\/page"}],"author":[{"embeddable":true,"href":"https:\/\/europahaus-klagenfurt.at\/sl\/wp-json\/wp\/v2\/users\/1"}],"replies":[{"embeddable":true,"href":"https:\/\/europahaus-klagenfurt.at\/sl\/wp-json\/wp\/v2\/comments?post=739"}],"version-history":[{"count":0,"href":"https:\/\/europahaus-klagenfurt.at\/sl\/wp-json\/wp\/v2\/pages\/739\/revisions"}],"wp:attachment":[{"href":"https:\/\/europahaus-klagenfurt.at\/sl\/wp-json\/wp\/v2\/media?parent=739"}],"curies":[{"name":"wp","href":"https:\/\/api.w.org\/{rel}","templated":true}]}}