{"id":9005,"date":"2026-03-03T14:05:08","date_gmt":"2026-03-03T13:05:08","guid":{"rendered":"https:\/\/europahaus-klagenfurt.at\/educational-offers\/"},"modified":"2026-03-03T14:50:09","modified_gmt":"2026-03-03T13:50:09","slug":"educational-offers","status":"publish","type":"page","link":"https:\/\/europahaus-klagenfurt.at\/en\/educational-offers\/","title":{"rendered":"Educational Offers"},"content":{"rendered":"\t\t<div data-elementor-type=\"wp-page\" data-elementor-id=\"9005\" class=\"elementor elementor-9005 elementor-8225\">\n\t\t\t\t\t\t<section class=\"elementor-section elementor-top-section elementor-element elementor-element-1470fa31 elementor-section-boxed elementor-section-height-default elementor-section-height-default\" data-id=\"1470fa31\" data-element_type=\"section\" data-settings=\"{&quot;background_background&quot;:&quot;classic&quot;}\">\n\t\t\t\t\t\t<div class=\"elementor-container elementor-column-gap-default\">\n\t\t\t\t\t<div class=\"elementor-column elementor-col-100 elementor-top-column elementor-element elementor-element-5cb5780f\" data-id=\"5cb5780f\" data-element_type=\"column\">\n\t\t\t<div class=\"elementor-widget-wrap elementor-element-populated\">\n\t\t\t\t\t\t<div class=\"elementor-element elementor-element-6c0b3236 elementor-position-left elementor-view-default elementor-widget elementor-widget-themo-header\" data-id=\"6c0b3236\" data-element_type=\"widget\" data-widget_type=\"themo-header.default\">\n\t\t\t\t<div class=\"elementor-widget-container\">\n\t\t\t\t\t\t\t<div class=\"th-header-wrap\">\n        <div class=\"elementor-icon-box-wrapper \">\n                            <div class=\"elementor-icon-box-content\">\n                    <h1 class=\"elementor-icon-box-title\">\n                                            <\/h1>\n                                        <p class=\"elementor-icon-box-description\"><h1 class=\"eutitle blue\" style=\"text-align:left\"><strong>Educational Offers<\/strong><\/h1>\r\n<\/p>\n\n                                    <\/div>\n            <\/div>\n\n        <\/div>\n\n\t\t\t\t\t\t<\/div>\n\t\t\t\t<\/div>\n\t\t\t\t<div class=\"elementor-element elementor-element-3fd8c523 elementor-widget elementor-widget-themo-blog\" data-id=\"3fd8c523\" data-element_type=\"widget\" data-widget_type=\"themo-blog.default\">\n\t\t\t\t<div class=\"elementor-widget-container\">\n\t\t\t\t\t\n\t\t\t<section class=\"th-masonry-blog th-blog-3-col\">\n\n                <div class=\"mas-blog row\">\n                    <div class=\"mas-blog-post-sizer col-sm-6 col-md-4\"><\/div>\n\t\t\t\t\t\n\t\t\t\t\t\t\n\t\t\t\t\t\t<div class=\"mas-blog-post col-sm-6 col-md-4 post-9097 post type-post status-publish format-standard has-post-thumbnail hentry category-bildungsangebote category-news category-peva\">\n\t\t\t\t\t\t\t    \t\t<a href=\"https:\/\/europahaus-klagenfurt.at\/en\/workshopreihe-mit-menschenrechten-im-mittelpunkt\/\">\n\t\t\t<img fetchpriority=\"high\" decoding=\"async\" width=\"394\" height=\"303\" src=\"https:\/\/europahaus-klagenfurt.at\/wp-content\/uploads\/2025\/11\/IMG_6900-394x303.jpg\" class=\"img-responsive wp-post-image\" alt=\"\" srcset=\"https:\/\/europahaus-klagenfurt.at\/wp-content\/uploads\/2025\/11\/IMG_6900-394x303.jpg 394w, https:\/\/europahaus-klagenfurt.at\/wp-content\/uploads\/2025\/11\/IMG_6900-605x465.jpg 605w\" sizes=\"(max-width: 394px) 100vw, 394px\" \/>    \t<\/a>\n    <div class=\"post-inner\">\n        <div class=\"post-meta\">\n    <a href=\"https:\/\/europahaus-klagenfurt.at\/category\/bildungsangebote\/\" rel=\"category tag\">Bildungsangebote<\/a>&nbsp;<a href=\"https:\/\/europahaus-klagenfurt.at\/category\/news\/\" rel=\"category tag\">News<\/a>&nbsp;<a href=\"https:\/\/europahaus-klagenfurt.at\/category\/peva\/\" rel=\"category tag\">PEVA<\/a><\/div>            <h3 class=\"post-title\"><a href=\"https:\/\/europahaus-klagenfurt.at\/en\/workshopreihe-mit-menschenrechten-im-mittelpunkt\/\">Workshopreihe mit Menschenrechten im Mittelpunkt<\/a><\/h3>\n        \t            \t<div class=\"entry-content post-excerpt\">\n\t\t\t\t\t<p>Am 5. und 12. November 2025 fanden im Europahaus Klagenfurt die Tagesworkshops der Veranstaltungsreihe \u201eDeine Rechte. Deine Zukunft. Menschenrechte in Aktion\u201c statt. Durchgef\u00fchrt wurden die Workshops im Rahmen der Initiative ProEuropeanValuesAT, mit Unterst\u00fctzung der \u00d6sterreichischen Gesellschaft f\u00fcr Politische Bildung. Das &hellip; <a href=\"https:\/\/europahaus-klagenfurt.at\/en\/workshopreihe-mit-menschenrechten-im-mittelpunkt\/\">Read More<\/a><\/p>\n                <\/div>\n\t\t\t\t<div class=\"date-meta\">\n    <i class=\"xs-icon fa fa-calendar-o\"><\/i>\n    <!--div class=\"post-meta\"-->\n        <span class=\"show-author\"><a href=\"https:\/\/europahaus-klagenfurt.at\/en\/author\/germeshausen\/\" title=\"Posts by Marc Germeshausen\" rel=\"author\">Marc Germeshausen<\/a><\/span> |\n        <time class=\"published\" datetime=\"2026-03-03T14:50:08+01:00\">3. March 2026<\/time>\n        <span class=\"show-comments\"><\/span>\n    <!--\/div-->\n    <span class=\"is-sticky\">Featured Post<\/span>\n<\/div><\/div>\n\t\t\t\t\t\t<\/div>\n\n\t\t\t\t\t\n\t\t\t\t\t\t\n\t\t\t\t\t\t<div class=\"mas-blog-post col-sm-6 col-md-4 post-8269 post type-post status-publish format-standard has-post-thumbnail hentry category-bildungsangebote category-news category-peva\">\n\t\t\t\t\t\t\t    \t\t<a href=\"https:\/\/europahaus-klagenfurt.at\/en\/digital-campaigns-ein-workshop-mit-wirkung\/\">\n\t\t\t<img decoding=\"async\" width=\"394\" height=\"303\" src=\"https:\/\/europahaus-klagenfurt.at\/wp-content\/uploads\/2025\/10\/3-394x303.jpg\" class=\"img-responsive wp-post-image\" alt=\"\" srcset=\"https:\/\/europahaus-klagenfurt.at\/wp-content\/uploads\/2025\/10\/3-394x303.jpg 394w, https:\/\/europahaus-klagenfurt.at\/wp-content\/uploads\/2025\/10\/3-605x465.jpg 605w\" sizes=\"(max-width: 394px) 100vw, 394px\" \/>    \t<\/a>\n    <div class=\"post-inner\">\n        <div class=\"post-meta\">\n    <a href=\"https:\/\/europahaus-klagenfurt.at\/category\/bildungsangebote\/\" rel=\"category tag\">Bildungsangebote<\/a>&nbsp;<a href=\"https:\/\/europahaus-klagenfurt.at\/category\/news\/\" rel=\"category tag\">News<\/a>&nbsp;<a href=\"https:\/\/europahaus-klagenfurt.at\/category\/peva\/\" rel=\"category tag\">PEVA<\/a><\/div>            <h3 class=\"post-title\"><a href=\"https:\/\/europahaus-klagenfurt.at\/en\/digital-campaigns-ein-workshop-mit-wirkung\/\">&#8220;Digital Campaigns&#8221;: Ein Workshop mit Wirkung!<\/a><\/h3>\n        \t            \t<div class=\"entry-content post-excerpt\">\n\t\t\t\t\t<p>Voller Ideen, Engagement und mit dem Ziel, etwas zu bewegen, so erlebte man die Teilnehmer:innen des Workshops \u201eDigital Campaigns\u201c am Samstag, dem 11. Oktober 2025, direkt vor Ort im Europahaus Klagenfurt und online. Der vom Verein veranstaltete Halbtagesworkshop, der NGOs &hellip; <a href=\"https:\/\/europahaus-klagenfurt.at\/en\/digital-campaigns-ein-workshop-mit-wirkung\/\">Read More<\/a><\/p>\n                <\/div>\n\t\t\t\t<div class=\"date-meta\">\n    <i class=\"xs-icon fa fa-calendar-o\"><\/i>\n    <!--div class=\"post-meta\"-->\n        <span class=\"show-author\"><a href=\"https:\/\/europahaus-klagenfurt.at\/en\/author\/germeshausen\/\" title=\"Posts by Marc Germeshausen\" rel=\"author\">Marc Germeshausen<\/a><\/span> |\n        <time class=\"published\" datetime=\"2025-10-14T11:16:00+02:00\">14. October 2025<\/time>\n        <span class=\"show-comments\"><\/span>\n    <!--\/div-->\n    <span class=\"is-sticky\">Featured Post<\/span>\n<\/div><\/div>\n\t\t\t\t\t\t<\/div>\n\n\t\t\t\t\t\n\t\t\t\t\t\t\n\t\t\t\t\t\t<div class=\"mas-blog-post col-sm-6 col-md-4 post-7893 post type-post status-publish format-standard has-post-thumbnail hentry category-bildungsangebote category-news category-peva\">\n\t\t\t\t\t\t\t    \t\t<a href=\"https:\/\/europahaus-klagenfurt.at\/en\/digital-campaigns\/\">\n\t\t\t<img decoding=\"async\" width=\"394\" height=\"303\" src=\"https:\/\/europahaus-klagenfurt.at\/wp-content\/uploads\/2025\/08\/Digital-Campaigns-800-x-533-px-940-x-700-px-394x303.png\" class=\"img-responsive wp-post-image\" alt=\"\" srcset=\"https:\/\/europahaus-klagenfurt.at\/wp-content\/uploads\/2025\/08\/Digital-Campaigns-800-x-533-px-940-x-700-px-394x303.png 394w, https:\/\/europahaus-klagenfurt.at\/wp-content\/uploads\/2025\/08\/Digital-Campaigns-800-x-533-px-940-x-700-px-605x465.png 605w\" sizes=\"(max-width: 394px) 100vw, 394px\" \/>    \t<\/a>\n    <div class=\"post-inner\">\n        <div class=\"post-meta\">\n    <a href=\"https:\/\/europahaus-klagenfurt.at\/category\/bildungsangebote\/\" rel=\"category tag\">Bildungsangebote<\/a>&nbsp;<a href=\"https:\/\/europahaus-klagenfurt.at\/category\/news\/\" rel=\"category tag\">News<\/a>&nbsp;<a href=\"https:\/\/europahaus-klagenfurt.at\/category\/peva\/\" rel=\"category tag\">PEVA<\/a><\/div>            <h3 class=\"post-title\"><a href=\"https:\/\/europahaus-klagenfurt.at\/en\/digital-campaigns\/\">Digital Campaigns<\/a><\/h3>\n        \t            \t<div class=\"entry-content post-excerpt\">\n\t\t\t\t\t<p>Wirksame Online-Kampagnen f\u00fcr NGOs In einer Welt, in der digitale Medien unsere Aufmerksamkeit steuern, ist strategische und verantwortungsvolle Kommunikation f\u00fcr NGOs entscheidend. Daher stellt sich die Frage: Wie gelingt strategische und verantwortungsvolle Kommunikation f\u00fcr NGOs? Im Rahmen von ProEuropeanValuesAT laden &hellip; <a href=\"https:\/\/europahaus-klagenfurt.at\/en\/digital-campaigns\/\">Read More<\/a><\/p>\n                <\/div>\n\t\t\t\t<div class=\"date-meta\">\n    <i class=\"xs-icon fa fa-calendar-o\"><\/i>\n    <!--div class=\"post-meta\"-->\n        <span class=\"show-author\"><a href=\"https:\/\/europahaus-klagenfurt.at\/en\/author\/germeshausen\/\" title=\"Posts by Marc Germeshausen\" rel=\"author\">Marc Germeshausen<\/a><\/span> |\n        <time class=\"published\" datetime=\"2025-08-26T12:41:31+02:00\">26. August 2025<\/time>\n        <span class=\"show-comments\"><\/span>\n    <!--\/div-->\n    <span class=\"is-sticky\">Featured Post<\/span>\n<\/div><\/div>\n\t\t\t\t\t\t<\/div>\n\n\t\t\t\t\t\n\t\t\t\t\t\t\n\t\t\t\t\t\t<div class=\"mas-blog-post col-sm-6 col-md-4 post-7706 post type-post status-publish format-standard has-post-thumbnail hentry category-bildungsangebote category-news category-peva\">\n\t\t\t\t\t\t\t    \t\t<a href=\"https:\/\/europahaus-klagenfurt.at\/en\/ein-workshop-voller-wissen-inspiration-und-eu-foerderpower\/\">\n\t\t\t<img loading=\"lazy\" decoding=\"async\" width=\"394\" height=\"303\" src=\"https:\/\/europahaus-klagenfurt.at\/wp-content\/uploads\/2025\/07\/Schreibwerkstatt-1-394x303.jpg\" class=\"img-responsive wp-post-image\" alt=\"\" srcset=\"https:\/\/europahaus-klagenfurt.at\/wp-content\/uploads\/2025\/07\/Schreibwerkstatt-1-394x303.jpg 394w, https:\/\/europahaus-klagenfurt.at\/wp-content\/uploads\/2025\/07\/Schreibwerkstatt-1-605x465.jpg 605w\" sizes=\"(max-width: 394px) 100vw, 394px\" \/>    \t<\/a>\n    <div class=\"post-inner\">\n        <div class=\"post-meta\">\n    <a href=\"https:\/\/europahaus-klagenfurt.at\/category\/bildungsangebote\/\" rel=\"category tag\">Bildungsangebote<\/a>&nbsp;<a href=\"https:\/\/europahaus-klagenfurt.at\/category\/news\/\" rel=\"category tag\">News<\/a>&nbsp;<a href=\"https:\/\/europahaus-klagenfurt.at\/category\/peva\/\" rel=\"category tag\">PEVA<\/a><\/div>            <h3 class=\"post-title\"><a href=\"https:\/\/europahaus-klagenfurt.at\/en\/ein-workshop-voller-wissen-inspiration-und-eu-foerderpower\/\">Ein Workshop voller Wissen, Inspiration und EU-F\u00f6rderpower<\/a><\/h3>\n        \t            \t<div class=\"entry-content post-excerpt\">\n\t\t\t\t\t<p>Am 1. Juli 2025 verwandelte sich das Europahaus Klagenfurt in einen pulsierenden Ort des Austauschs, der Ideen und des Empowerments. Unter dem Motto \u201eF\u00f6rderantrag? \u2013 Ja, aber wie?\u201c nahmen verschiedene Vertreter:innen zivilgesellschaftlicher Organisationen an der intensiven Schreibwerkstatt teil, die praxisnah, &hellip; <a href=\"https:\/\/europahaus-klagenfurt.at\/en\/ein-workshop-voller-wissen-inspiration-und-eu-foerderpower\/\">Read More<\/a><\/p>\n                <\/div>\n\t\t\t\t<div class=\"date-meta\">\n    <i class=\"xs-icon fa fa-calendar-o\"><\/i>\n    <!--div class=\"post-meta\"-->\n        <span class=\"show-author\"><a href=\"https:\/\/europahaus-klagenfurt.at\/en\/author\/germeshausen\/\" title=\"Posts by Marc Germeshausen\" rel=\"author\">Marc Germeshausen<\/a><\/span> |\n        <time class=\"published\" datetime=\"2025-07-08T12:18:57+02:00\">8. July 2025<\/time>\n        <span class=\"show-comments\"><\/span>\n    <!--\/div-->\n    <span class=\"is-sticky\">Featured Post<\/span>\n<\/div><\/div>\n\t\t\t\t\t\t<\/div>\n\n\t\t\t\t\t\n\t\t\t\t\t\t\n\t\t\t\t\t\t<div class=\"mas-blog-post col-sm-6 col-md-4 post-7194 post type-post status-publish format-standard has-post-thumbnail hentry category-bildungsangebote category-news\">\n\t\t\t\t\t\t\t    \t\t<a href=\"https:\/\/europahaus-klagenfurt.at\/en\/demokratie-fuer-morgen-gestalten-und-in-der-eu-mitbestimmen-workshop-am-4-februar-2025\/\">\n\t\t\t<img loading=\"lazy\" decoding=\"async\" width=\"394\" height=\"303\" src=\"https:\/\/europahaus-klagenfurt.at\/wp-content\/uploads\/2025\/02\/WhatsApp-Bild-2025-02-04-um-10.40.11_baea3625-1-394x303.jpg\" class=\"img-responsive wp-post-image\" alt=\"\" srcset=\"https:\/\/europahaus-klagenfurt.at\/wp-content\/uploads\/2025\/02\/WhatsApp-Bild-2025-02-04-um-10.40.11_baea3625-1-394x303.jpg 394w, https:\/\/europahaus-klagenfurt.at\/wp-content\/uploads\/2025\/02\/WhatsApp-Bild-2025-02-04-um-10.40.11_baea3625-1-605x465.jpg 605w\" sizes=\"(max-width: 394px) 100vw, 394px\" \/>    \t<\/a>\n    <div class=\"post-inner\">\n        <div class=\"post-meta\">\n    <a href=\"https:\/\/europahaus-klagenfurt.at\/category\/bildungsangebote\/\" rel=\"category tag\">Bildungsangebote<\/a>&nbsp;<a href=\"https:\/\/europahaus-klagenfurt.at\/category\/news\/\" rel=\"category tag\">News<\/a><\/div>            <h3 class=\"post-title\"><a href=\"https:\/\/europahaus-klagenfurt.at\/en\/demokratie-fuer-morgen-gestalten-und-in-der-eu-mitbestimmen-workshop-am-4-februar-2025\/\">Demokratie f\u00fcr morgen gestalten und in der EU mitbestimmen! Workshop am 4. Februar 2025<\/a><\/h3>\n        \t            \t<div class=\"entry-content post-excerpt\">\n\t\t\t\t\t<p>Am 4. Februar 2025 fand im Europahaus Klagenfurt die dritte Veranstaltung der Workshopreihe \u201eWir gestalten Demokratie f\u00fcr morgen \u2013 Wir bestimmen in der EU mit!\u201c statt. Organisiert mit Unterst\u00fctzung der \u00d6sterreichischen Gesellschaft f\u00fcr Politische Bildung, zog die Veranstaltung viele Interessierte &hellip; <a href=\"https:\/\/europahaus-klagenfurt.at\/en\/demokratie-fuer-morgen-gestalten-und-in-der-eu-mitbestimmen-workshop-am-4-februar-2025\/\">Read More<\/a><\/p>\n                <\/div>\n\t\t\t\t<div class=\"date-meta\">\n    <i class=\"xs-icon fa fa-calendar-o\"><\/i>\n    <!--div class=\"post-meta\"-->\n        <span class=\"show-author\"><a href=\"https:\/\/europahaus-klagenfurt.at\/en\/author\/germeshausen\/\" title=\"Posts by Marc Germeshausen\" rel=\"author\">Marc Germeshausen<\/a><\/span> |\n        <time class=\"published\" datetime=\"2025-02-05T09:16:33+01:00\">5. February 2025<\/time>\n        <span class=\"show-comments\"><\/span>\n    <!--\/div-->\n    <span class=\"is-sticky\">Featured Post<\/span>\n<\/div><\/div>\n\t\t\t\t\t\t<\/div>\n\n\t\t\t\t\t\n\t\t\t\t\t\t\n\t\t\t\t\t\t<div class=\"mas-blog-post col-sm-6 col-md-4 post-7098 post type-post status-publish format-standard has-post-thumbnail hentry category-bildungsangebote category-news\">\n\t\t\t\t\t\t\t    \t\t<a href=\"https:\/\/europahaus-klagenfurt.at\/en\/wir-gestalten-demokratie-fuer-morgen-wir-bestimmen-in-der-eu-mit-i-15-jaenner-2025\/\">\n\t\t\t<img loading=\"lazy\" decoding=\"async\" width=\"394\" height=\"303\" src=\"https:\/\/europahaus-klagenfurt.at\/wp-content\/uploads\/2025\/01\/2-394x303.jpg\" class=\"img-responsive wp-post-image\" alt=\"\" srcset=\"https:\/\/europahaus-klagenfurt.at\/wp-content\/uploads\/2025\/01\/2-394x303.jpg 394w, https:\/\/europahaus-klagenfurt.at\/wp-content\/uploads\/2025\/01\/2-605x465.jpg 605w\" sizes=\"(max-width: 394px) 100vw, 394px\" \/>    \t<\/a>\n    <div class=\"post-inner\">\n        <div class=\"post-meta\">\n    <a href=\"https:\/\/europahaus-klagenfurt.at\/category\/bildungsangebote\/\" rel=\"category tag\">Bildungsangebote<\/a>&nbsp;<a href=\"https:\/\/europahaus-klagenfurt.at\/category\/news\/\" rel=\"category tag\">News<\/a><\/div>            <h3 class=\"post-title\"><a href=\"https:\/\/europahaus-klagenfurt.at\/en\/wir-gestalten-demokratie-fuer-morgen-wir-bestimmen-in-der-eu-mit-i-15-jaenner-2025\/\">\u201eWir gestalten Demokratie f\u00fcr morgen \u2013 Wir bestimmen in der EU mit!\u201c I 15. J\u00e4nner 2025<\/a><\/h3>\n        \t            \t<div class=\"entry-content post-excerpt\">\n\t\t\t\t\t<p>Am 15. Januar 2025 fand im Europahaus Klagenfurt die zweite Veranstaltung der Workshopreihe \u201eWir gestalten Demokratie f\u00fcr morgen \u2013 Wir bestimmen in der EU mit!\u201c statt. Die Initiative, die von der \u00d6sterreichischen Gesellschaft f\u00fcr Politische Bildung unterst\u00fctzt wird, zog zahlreiche &hellip; <a href=\"https:\/\/europahaus-klagenfurt.at\/en\/wir-gestalten-demokratie-fuer-morgen-wir-bestimmen-in-der-eu-mit-i-15-jaenner-2025\/\">Read More<\/a><\/p>\n                <\/div>\n\t\t\t\t<div class=\"date-meta\">\n    <i class=\"xs-icon fa fa-calendar-o\"><\/i>\n    <!--div class=\"post-meta\"-->\n        <span class=\"show-author\"><a href=\"https:\/\/europahaus-klagenfurt.at\/en\/author\/germeshausen\/\" title=\"Posts by Marc Germeshausen\" rel=\"author\">Marc Germeshausen<\/a><\/span> |\n        <time class=\"published\" datetime=\"2025-01-16T11:05:12+01:00\">16. January 2025<\/time>\n        <span class=\"show-comments\"><\/span>\n    <!--\/div-->\n    <span class=\"is-sticky\">Featured Post<\/span>\n<\/div><\/div>\n\t\t\t\t\t\t<\/div>\n\n\t\t\t\t\t\n                    \n\t\t\t\t<\/div>\n                \n\t\t\t<\/section>\n\t\t\t\t\t\t\t<\/div>\n\t\t\t\t<\/div>\n\t\t\t\t<div class=\"elementor-element elementor-element-16b14b5a elementor-widget elementor-widget-spacer\" data-id=\"16b14b5a\" data-element_type=\"widget\" data-widget_type=\"spacer.default\">\n\t\t\t\t<div class=\"elementor-widget-container\">\n\t\t\t\t\t\t\t<div class=\"elementor-spacer\">\n\t\t\t<div class=\"elementor-spacer-inner\"><\/div>\n\t\t<\/div>\n\t\t\t\t\t\t<\/div>\n\t\t\t\t<\/div>\n\t\t\t\t\t<\/div>\n\t\t<\/div>\n\t\t\t\t\t<\/div>\n\t\t<\/section>\n\t\t\t\t<\/div>\n\t\t","protected":false},"excerpt":{"rendered":"<p>Educational Offers Bildungsangebote&nbsp;News&nbsp;PEVA Workshopreihe mit Menschenrechten im Mittelpunkt Am 5. und 12. November 2025 fanden im Europahaus Klagenfurt die Tagesworkshops der Veranstaltungsreihe \u201eDeine Rechte. Deine Zukunft. Menschenrechte in Aktion\u201c statt. Durchgef\u00fchrt wurden die Workshops im Rahmen der Initiative ProEuropeanValuesAT, mit &hellip; <a href=\"https:\/\/europahaus-klagenfurt.at\/en\/workshopreihe-mit-menschenrechten-im-mittelpunkt\/\">Read More<\/a><\/p>\n","protected":false},"author":2,"featured_media":0,"parent":0,"menu_order":0,"comment_status":"closed","ping_status":"closed","template":"","meta":{"ngg_post_thumbnail":0,"footnotes":""},"class_list":["post-9005","page","type-page","status-publish","hentry"],"_links":{"self":[{"href":"https:\/\/europahaus-klagenfurt.at\/en\/wp-json\/wp\/v2\/pages\/9005","targetHints":{"allow":["GET"]}}],"collection":[{"href":"https:\/\/europahaus-klagenfurt.at\/en\/wp-json\/wp\/v2\/pages"}],"about":[{"href":"https:\/\/europahaus-klagenfurt.at\/en\/wp-json\/wp\/v2\/types\/page"}],"author":[{"embeddable":true,"href":"https:\/\/europahaus-klagenfurt.at\/en\/wp-json\/wp\/v2\/users\/2"}],"replies":[{"embeddable":true,"href":"https:\/\/europahaus-klagenfurt.at\/en\/wp-json\/wp\/v2\/comments?post=9005"}],"version-history":[{"count":1,"href":"https:\/\/europahaus-klagenfurt.at\/en\/wp-json\/wp\/v2\/pages\/9005\/revisions"}],"predecessor-version":[{"id":9006,"href":"https:\/\/europahaus-klagenfurt.at\/en\/wp-json\/wp\/v2\/pages\/9005\/revisions\/9006"}],"wp:attachment":[{"href":"https:\/\/europahaus-klagenfurt.at\/en\/wp-json\/wp\/v2\/media?parent=9005"}],"curies":[{"name":"wp","href":"https:\/\/api.w.org\/{rel}","templated":true}]}}